{"id":555,"date":"2023-03-21T15:14:50","date_gmt":"2023-03-21T14:14:50","guid":{"rendered":"https:\/\/rcpifpaf.cz\/?page_id=555"},"modified":"2023-06-30T00:01:32","modified_gmt":"2023-06-29T22:01:32","slug":"anglictina-pro-deti","status":"publish","type":"page","link":"https:\/\/rcpifpaf.cz\/index.php\/anglictina-pro-deti\/","title":{"rendered":"Angli\u010dtina pro d\u011bti"},"content":{"rendered":"\n<p>Prvn\u00edm krou\u017ekem, kter\u00fd pod hlavi\u010dkou RC PifPaf vznikl byla angli\u010dtina. Nyn\u00ed ji\u017e funguje n\u011bkolik\u00e1t\u00fdm rokem a d\u011bl\u00e1 radost mnoha d\u011btem. Jedn\u00e1 se o skupinky po \u0161esti d\u011btech, kter\u00e9 vede zku\u0161en\u00e1 lektorka angli\u010dtiny. Ta s d\u011btmi komunikuje v\u00fdhradn\u011b v anglick\u00e9m jazyce. Nejde ale o v\u00fduku jako takovou &#8211; v na\u0161\u00ed angli\u010dtin\u011b n\u00e1m jde p\u0159edev\u0161\u00edm o to, aby d\u011bti k ciz\u00edmu jazyku z\u00edskaly kladn\u00fd vztah, neb\u00e1ly se promluvit a p\u0159edev\u0161\u00edm si lekci u\u017eily. Pr\u00e1v\u011b proto je angli\u010dtina pln\u00e1 pohybov\u00fdch aktivit, p\u00edsni\u010dek, her a tvo\u0159en\u00ed.&nbsp;<\/p>\n\n\n\n<ul class=\"wp-block-list\">\n<li>skupinky po 6ti d\u011btech<\/li>\n\n\n\n<li>34 lekc\u00ed po 45 minut\u00e1ch<\/li>\n\n\n\n<li>\u0161koln\u00e9 4.000,- K\u010d + \u010dlensk\u00fd p\u0159\u00edsp\u011bvek rodinn\u00e9mu centru 100,- K\u010d<\/li>\n<\/ul>\n\n\n\n<h4 class=\"wp-block-heading has-text-align-center\">Angli\u010dtina ve \u0161koln\u00edm roce 2023\/2024<\/h4>\n\n\n\n<table id=\"tablepress-1\" class=\"tablepress tablepress-id-1 tbody-has-connected-cells\">\n<thead>\n<tr class=\"row-1\">\n\t<th class=\"column-1\">M\u00edsto<\/th><th class=\"column-2\">Den<\/th><th class=\"column-3\">\u010cas<\/th>\n<\/tr>\n<\/thead>\n<tbody class=\"row-striping\">\n<tr class=\"row-2\">\n\t<td rowspan=\"5\" class=\"column-1\">Knihovna<\/td><td rowspan=\"3\" class=\"column-2\">\u00dater\u00fd<\/td><td class=\"column-3\">15:40 a\u017e 16:25<\/td>\n<\/tr>\n<tr class=\"row-3\">\n\t<td class=\"column-3\">16:30 a\u017e 17:15<\/td>\n<\/tr>\n<tr class=\"row-4\">\n\t<td class=\"column-3\">17:20 a\u017e 18:05<\/td>\n<\/tr>\n<tr class=\"row-5\">\n\t<td rowspan=\"2\" class=\"column-2\">\u010ctvrtek<\/td><td class=\"column-3\">13:00 a\u017e 13:45 <\/td>\n<\/tr>\n<tr class=\"row-6\">\n\t<td class=\"column-3\">13:50 a\u017e 14:35<\/td>\n<\/tr>\n<tr class=\"row-7\">\n\t<td rowspan=\"5\" class=\"column-1\">Z\u00e1kladn\u00ed \u0161kola<\/td><td rowspan=\"5\" class=\"column-2\">\u010ctvrtek<\/td><td class=\"column-3\">13:00 a\u017e 13:45<\/td>\n<\/tr>\n<tr class=\"row-8\">\n\t<td class=\"column-3\">13:55 a\u017e 14:40<\/td>\n<\/tr>\n<tr class=\"row-9\">\n\t<td class=\"column-3\">14:50 a\u017e 15:35<\/td>\n<\/tr>\n<tr class=\"row-10\">\n\t<td class=\"column-3\">15:45 a\u017e 16:30<\/td>\n<\/tr>\n<tr class=\"row-11\">\n\t<td class=\"column-3\">16:45 a\u017e 17:35<\/td>\n<\/tr>\n<\/tbody>\n<\/table>\n<!-- #tablepress-1 from cache -->","protected":false},"excerpt":{"rendered":"<p>Prvn\u00edm krou\u017ekem, kter\u00fd pod hlavi\u010dkou RC PifPaf vznikl byla angli\u010dtina. Nyn\u00ed ji\u017e funguje n\u011bkolik\u00e1t\u00fdm rokem a d\u011bl\u00e1 radost mnoha d\u011btem. Jedn\u00e1 se o skupinky po \u0161esti d\u011btech, kter\u00e9 vede zku\u0161en\u00e1 lektorka angli\u010dtiny. Ta s d\u011btmi &hellip; <\/p>\n","protected":false},"author":1,"featured_media":0,"parent":0,"menu_order":0,"comment_status":"closed","ping_status":"closed","template":"","meta":{"cybocfi_hide_featured_image":"","footnotes":""},"class_list":["post-555","page","type-page","status-publish","hentry","latest_post"],"yoast_head":"<!-- This site is optimized with the Yoast SEO plugin v27.4 - https:\/\/yoast.com\/product\/yoast-seo-wordpress\/ -->\n<title>Angli\u010dtina pro d\u011bti - RCPifPaf<\/title>\n<meta name=\"description\" content=\"Angli\u010dtina pro d\u011bti - informace o lekc\u00edch, kter\u00e9 se konaj\u00ed v knihovn\u011b a na z\u00e1kladn\u00ed \u0161kole ve St\u0159elic\u00edch u Brna.\" \/>\n<meta name=\"robots\" content=\"index, follow, max-snippet:-1, max-image-preview:large, max-video-preview:-1\" \/>\n<link rel=\"canonical\" href=\"https:\/\/rcpifpaf.cz\/index.php\/anglictina-pro-deti\/\" \/>\n<meta property=\"og:locale\" content=\"cs_CZ\" \/>\n<meta property=\"og:type\" content=\"article\" \/>\n<meta property=\"og:title\" content=\"Angli\u010dtina pro d\u011bti - RCPifPaf\" \/>\n<meta property=\"og:description\" content=\"Angli\u010dtina pro d\u011bti - informace o lekc\u00edch, kter\u00e9 se konaj\u00ed v knihovn\u011b a na z\u00e1kladn\u00ed \u0161kole ve St\u0159elic\u00edch u Brna.\" \/>\n<meta property=\"og:url\" content=\"https:\/\/rcpifpaf.cz\/index.php\/anglictina-pro-deti\/\" \/>\n<meta property=\"og:site_name\" content=\"RCPifPaf\" \/>\n<meta property=\"article:publisher\" content=\"https:\/\/www.facebook.com\/rcpifpaf\" \/>\n<meta property=\"article:modified_time\" content=\"2023-06-29T22:01:32+00:00\" \/>\n<meta name=\"twitter:card\" content=\"summary_large_image\" \/>\n<meta name=\"twitter:label1\" content=\"Odhadovan\u00e1 doba \u010dten\u00ed\" \/>\n\t<meta name=\"twitter:data1\" content=\"1 minuta\" \/>\n<script type=\"application\/ld+json\" class=\"yoast-schema-graph\">{\"@context\":\"https:\\\/\\\/schema.org\",\"@graph\":[{\"@type\":\"WebPage\",\"@id\":\"https:\\\/\\\/rcpifpaf.cz\\\/index.php\\\/anglictina-pro-deti\\\/\",\"url\":\"https:\\\/\\\/rcpifpaf.cz\\\/index.php\\\/anglictina-pro-deti\\\/\",\"name\":\"Angli\u010dtina pro d\u011bti - RCPifPaf\",\"isPartOf\":{\"@id\":\"https:\\\/\\\/rcpifpaf.cz\\\/#website\"},\"datePublished\":\"2023-03-21T14:14:50+00:00\",\"dateModified\":\"2023-06-29T22:01:32+00:00\",\"description\":\"Angli\u010dtina pro d\u011bti - informace o lekc\u00edch, kter\u00e9 se konaj\u00ed v knihovn\u011b a na z\u00e1kladn\u00ed \u0161kole ve St\u0159elic\u00edch u Brna.\",\"breadcrumb\":{\"@id\":\"https:\\\/\\\/rcpifpaf.cz\\\/index.php\\\/anglictina-pro-deti\\\/#breadcrumb\"},\"inLanguage\":\"cs\",\"potentialAction\":[{\"@type\":\"ReadAction\",\"target\":[\"https:\\\/\\\/rcpifpaf.cz\\\/index.php\\\/anglictina-pro-deti\\\/\"]}]},{\"@type\":\"BreadcrumbList\",\"@id\":\"https:\\\/\\\/rcpifpaf.cz\\\/index.php\\\/anglictina-pro-deti\\\/#breadcrumb\",\"itemListElement\":[{\"@type\":\"ListItem\",\"position\":1,\"name\":\"Dom\u016f\",\"item\":\"https:\\\/\\\/rcpifpaf.cz\\\/\"},{\"@type\":\"ListItem\",\"position\":2,\"name\":\"Angli\u010dtina pro d\u011bti\"}]},{\"@type\":\"WebSite\",\"@id\":\"https:\\\/\\\/rcpifpaf.cz\\\/#website\",\"url\":\"https:\\\/\\\/rcpifpaf.cz\\\/\",\"name\":\"RCPifPaf\",\"description\":\"Rodinn\u00e9 centrum PifPaf\",\"publisher\":{\"@id\":\"https:\\\/\\\/rcpifpaf.cz\\\/#organization\"},\"alternateName\":\"Rodinn\u00e9 centrum PifPaf\",\"potentialAction\":[{\"@type\":\"SearchAction\",\"target\":{\"@type\":\"EntryPoint\",\"urlTemplate\":\"https:\\\/\\\/rcpifpaf.cz\\\/?s={search_term_string}\"},\"query-input\":{\"@type\":\"PropertyValueSpecification\",\"valueRequired\":true,\"valueName\":\"search_term_string\"}}],\"inLanguage\":\"cs\"},{\"@type\":\"Organization\",\"@id\":\"https:\\\/\\\/rcpifpaf.cz\\\/#organization\",\"name\":\"RC PifPaf\",\"alternateName\":\"Rodinn\u00e9 centrum PifPaf\",\"url\":\"https:\\\/\\\/rcpifpaf.cz\\\/\",\"logo\":{\"@type\":\"ImageObject\",\"inLanguage\":\"cs\",\"@id\":\"https:\\\/\\\/rcpifpaf.cz\\\/#\\\/schema\\\/logo\\\/image\\\/\",\"url\":\"https:\\\/\\\/rcpifpaf.cz\\\/wp-content\\\/uploads\\\/2023\\\/03\\\/cropped-logo_barva_png_cmyk.png\",\"contentUrl\":\"https:\\\/\\\/rcpifpaf.cz\\\/wp-content\\\/uploads\\\/2023\\\/03\\\/cropped-logo_barva_png_cmyk.png\",\"width\":1324,\"height\":1301,\"caption\":\"RC PifPaf\"},\"image\":{\"@id\":\"https:\\\/\\\/rcpifpaf.cz\\\/#\\\/schema\\\/logo\\\/image\\\/\"},\"sameAs\":[\"https:\\\/\\\/www.facebook.com\\\/rcpifpaf\"]}]}<\/script>\n<!-- \/ Yoast SEO plugin. -->","yoast_head_json":{"title":"Angli\u010dtina pro d\u011bti - RCPifPaf","description":"Angli\u010dtina pro d\u011bti - informace o lekc\u00edch, kter\u00e9 se konaj\u00ed v knihovn\u011b a na z\u00e1kladn\u00ed \u0161kole ve St\u0159elic\u00edch u Brna.","robots":{"index":"index","follow":"follow","max-snippet":"max-snippet:-1","max-image-preview":"max-image-preview:large","max-video-preview":"max-video-preview:-1"},"canonical":"https:\/\/rcpifpaf.cz\/index.php\/anglictina-pro-deti\/","og_locale":"cs_CZ","og_type":"article","og_title":"Angli\u010dtina pro d\u011bti - RCPifPaf","og_description":"Angli\u010dtina pro d\u011bti - informace o lekc\u00edch, kter\u00e9 se konaj\u00ed v knihovn\u011b a na z\u00e1kladn\u00ed \u0161kole ve St\u0159elic\u00edch u Brna.","og_url":"https:\/\/rcpifpaf.cz\/index.php\/anglictina-pro-deti\/","og_site_name":"RCPifPaf","article_publisher":"https:\/\/www.facebook.com\/rcpifpaf","article_modified_time":"2023-06-29T22:01:32+00:00","twitter_card":"summary_large_image","twitter_misc":{"Odhadovan\u00e1 doba \u010dten\u00ed":"1 minuta"},"schema":{"@context":"https:\/\/schema.org","@graph":[{"@type":"WebPage","@id":"https:\/\/rcpifpaf.cz\/index.php\/anglictina-pro-deti\/","url":"https:\/\/rcpifpaf.cz\/index.php\/anglictina-pro-deti\/","name":"Angli\u010dtina pro d\u011bti - RCPifPaf","isPartOf":{"@id":"https:\/\/rcpifpaf.cz\/#website"},"datePublished":"2023-03-21T14:14:50+00:00","dateModified":"2023-06-29T22:01:32+00:00","description":"Angli\u010dtina pro d\u011bti - informace o lekc\u00edch, kter\u00e9 se konaj\u00ed v knihovn\u011b a na z\u00e1kladn\u00ed \u0161kole ve St\u0159elic\u00edch u Brna.","breadcrumb":{"@id":"https:\/\/rcpifpaf.cz\/index.php\/anglictina-pro-deti\/#breadcrumb"},"inLanguage":"cs","potentialAction":[{"@type":"ReadAction","target":["https:\/\/rcpifpaf.cz\/index.php\/anglictina-pro-deti\/"]}]},{"@type":"BreadcrumbList","@id":"https:\/\/rcpifpaf.cz\/index.php\/anglictina-pro-deti\/#breadcrumb","itemListElement":[{"@type":"ListItem","position":1,"name":"Dom\u016f","item":"https:\/\/rcpifpaf.cz\/"},{"@type":"ListItem","position":2,"name":"Angli\u010dtina pro d\u011bti"}]},{"@type":"WebSite","@id":"https:\/\/rcpifpaf.cz\/#website","url":"https:\/\/rcpifpaf.cz\/","name":"RCPifPaf","description":"Rodinn\u00e9 centrum PifPaf","publisher":{"@id":"https:\/\/rcpifpaf.cz\/#organization"},"alternateName":"Rodinn\u00e9 centrum PifPaf","potentialAction":[{"@type":"SearchAction","target":{"@type":"EntryPoint","urlTemplate":"https:\/\/rcpifpaf.cz\/?s={search_term_string}"},"query-input":{"@type":"PropertyValueSpecification","valueRequired":true,"valueName":"search_term_string"}}],"inLanguage":"cs"},{"@type":"Organization","@id":"https:\/\/rcpifpaf.cz\/#organization","name":"RC PifPaf","alternateName":"Rodinn\u00e9 centrum PifPaf","url":"https:\/\/rcpifpaf.cz\/","logo":{"@type":"ImageObject","inLanguage":"cs","@id":"https:\/\/rcpifpaf.cz\/#\/schema\/logo\/image\/","url":"https:\/\/rcpifpaf.cz\/wp-content\/uploads\/2023\/03\/cropped-logo_barva_png_cmyk.png","contentUrl":"https:\/\/rcpifpaf.cz\/wp-content\/uploads\/2023\/03\/cropped-logo_barva_png_cmyk.png","width":1324,"height":1301,"caption":"RC PifPaf"},"image":{"@id":"https:\/\/rcpifpaf.cz\/#\/schema\/logo\/image\/"},"sameAs":["https:\/\/www.facebook.com\/rcpifpaf"]}]}},"_links":{"self":[{"href":"https:\/\/rcpifpaf.cz\/index.php\/wp-json\/wp\/v2\/pages\/555","targetHints":{"allow":["GET"]}}],"collection":[{"href":"https:\/\/rcpifpaf.cz\/index.php\/wp-json\/wp\/v2\/pages"}],"about":[{"href":"https:\/\/rcpifpaf.cz\/index.php\/wp-json\/wp\/v2\/types\/page"}],"author":[{"embeddable":true,"href":"https:\/\/rcpifpaf.cz\/index.php\/wp-json\/wp\/v2\/users\/1"}],"replies":[{"embeddable":true,"href":"https:\/\/rcpifpaf.cz\/index.php\/wp-json\/wp\/v2\/comments?post=555"}],"version-history":[{"count":12,"href":"https:\/\/rcpifpaf.cz\/index.php\/wp-json\/wp\/v2\/pages\/555\/revisions"}],"predecessor-version":[{"id":860,"href":"https:\/\/rcpifpaf.cz\/index.php\/wp-json\/wp\/v2\/pages\/555\/revisions\/860"}],"wp:attachment":[{"href":"https:\/\/rcpifpaf.cz\/index.php\/wp-json\/wp\/v2\/media?parent=555"}],"curies":[{"name":"wp","href":"https:\/\/api.w.org\/{rel}","templated":true}]}}