{"id":111,"date":"2020-12-18T11:15:30","date_gmt":"2020-12-18T10:15:30","guid":{"rendered":"http:\/\/rarathemesdemo.com\/chic-lite\/?page_id=111"},"modified":"2023-04-18T08:00:59","modified_gmt":"2023-04-18T06:00:59","slug":"o-nas","status":"publish","type":"page","link":"https:\/\/rcpifpaf.cz\/","title":{"rendered":"O n\u00e1s"},"content":{"rendered":"\n<p>Rodinn\u00e9 centrum PifPaf, z.s. vzniklo ofici\u00e1ln\u011b v&nbsp;roce 2019 v&nbsp;obci St\u0159elice u Brna. Vzniku spolku v\u0161ak p\u0159edch\u00e1zelo n\u011bkolik let neform\u00e1ln\u00edho setk\u00e1v\u00e1n\u00ed rodi\u010d\u016f a d\u011bt\u00ed v m\u00edstn\u00ed knihovn\u011b. Na\u0161im c\u00edlem je poskytovat z\u00e1zem\u00ed rodin\u00e1m, posilovat hodnotu rodiny a budovat funk\u010dn\u00ed mezigenera\u010dn\u00ed vztahy. Prost\u0159ednictv\u00edm na\u0161ich aktivit bychom tak\u00e9 cht\u011bli usilovat o prevenci soci\u00e1ln\u00edho vylou\u010den\u00ed a integraci nov\u00fdch obyvatel. <\/p>\n\n\n\n<p>Na\u0161e centrum v sou\u010dasnosti nab\u00edz\u00ed na n\u00edzkoprahov\u00e9 b\u00e1zi prostor pro setk\u00e1v\u00e1n\u00ed rodi\u010d\u016f s nejmen\u0161\u00edmi d\u011btmi, d\u00e1le n\u011bkolik volno\u010dasov\u00fdch krou\u017ek\u016f a v pr\u016fb\u011bhu roku po\u0159\u00e1d\u00e1me r\u016fzn\u00e9 jednodenn\u00ed akce pro rodiny s d\u011btmi. Sna\u017e\u00edme se p\u0159i sv\u00e9 \u010dinnosti pozitivn\u011b p\u016fsobit na komunitu, nab\u00edzet vzd\u011bl\u00e1vac\u00ed a v\u00fdchovn\u00e9 aktivity, v\u00e9st d\u011bti k ochran\u011b \u017eivotn\u00edho prost\u0159ed\u00ed a kladn\u00e9mu vztahu ke sv\u00e9mu bydli\u0161ti.<\/p>\n","protected":false},"excerpt":{"rendered":"<p>Rodinn\u00e9 centrum PifPaf, z.s. vzniklo ofici\u00e1ln\u011b v&nbsp;roce 2019 v&nbsp;obci St\u0159elice u Brna. Vzniku spolku v\u0161ak p\u0159edch\u00e1zelo n\u011bkolik let neform\u00e1ln\u00edho setk\u00e1v\u00e1n\u00ed rodi\u010d\u016f a d\u011bt\u00ed v m\u00edstn\u00ed knihovn\u011b. Na\u0161im c\u00edlem je poskytovat z\u00e1zem\u00ed rodin\u00e1m, posilovat hodnotu rodiny &hellip; <\/p>\n","protected":false},"author":1,"featured_media":576,"parent":0,"menu_order":0,"comment_status":"closed","ping_status":"closed","template":"","meta":{"cybocfi_hide_featured_image":"","footnotes":""},"class_list":["post-111","page","type-page","status-publish","has-post-thumbnail","hentry","latest_post"],"yoast_head":"<!-- This site is optimized with the Yoast SEO plugin v27.6 - https:\/\/yoast.com\/product\/yoast-seo-wordpress\/ -->\n<title>O n\u00e1s - RCPifPaf<\/title>\n<meta name=\"robots\" content=\"index, follow, max-snippet:-1, max-image-preview:large, max-video-preview:-1\" \/>\n<link rel=\"canonical\" href=\"https:\/\/rcpifpaf.cz\/\" \/>\n<meta property=\"og:locale\" content=\"cs_CZ\" \/>\n<meta property=\"og:type\" content=\"article\" \/>\n<meta property=\"og:title\" content=\"O n\u00e1s - RCPifPaf\" \/>\n<meta property=\"og:description\" content=\"Rodinn\u00e9 centrum PifPaf, z.s. vzniklo ofici\u00e1ln\u011b v&nbsp;roce 2019 v&nbsp;obci St\u0159elice u Brna. Vzniku spolku v\u0161ak p\u0159edch\u00e1zelo n\u011bkolik let neform\u00e1ln\u00edho setk\u00e1v\u00e1n\u00ed rodi\u010d\u016f a d\u011bt\u00ed v m\u00edstn\u00ed knihovn\u011b. Na\u0161im c\u00edlem je poskytovat z\u00e1zem\u00ed rodin\u00e1m, posilovat hodnotu rodiny &hellip;\" \/>\n<meta property=\"og:url\" content=\"https:\/\/rcpifpaf.cz\/\" \/>\n<meta property=\"og:site_name\" content=\"RCPifPaf\" \/>\n<meta property=\"article:publisher\" content=\"https:\/\/www.facebook.com\/rcpifpaf\" \/>\n<meta property=\"article:modified_time\" content=\"2023-04-18T06:00:59+00:00\" \/>\n<meta property=\"og:image\" content=\"https:\/\/rcpifpaf.cz\/wp-content\/uploads\/2023\/03\/rc-pifpaf-e1679440356696.jpg\" \/>\n\t<meta property=\"og:image:width\" content=\"1500\" \/>\n\t<meta property=\"og:image:height\" content=\"998\" \/>\n\t<meta property=\"og:image:type\" content=\"image\/jpeg\" \/>\n<meta name=\"twitter:card\" content=\"summary_large_image\" \/>\n<meta name=\"twitter:label1\" content=\"Odhadovan\u00e1 doba \u010dten\u00ed\" \/>\n\t<meta name=\"twitter:data1\" content=\"1 minuta\" \/>\n<script type=\"application\/ld+json\" class=\"yoast-schema-graph\">{\"@context\":\"https:\\\/\\\/schema.org\",\"@graph\":[{\"@type\":\"WebPage\",\"@id\":\"https:\\\/\\\/rcpifpaf.cz\\\/\",\"url\":\"https:\\\/\\\/rcpifpaf.cz\\\/\",\"name\":\"O n\u00e1s - RCPifPaf\",\"isPartOf\":{\"@id\":\"https:\\\/\\\/rcpifpaf.cz\\\/#website\"},\"primaryImageOfPage\":{\"@id\":\"https:\\\/\\\/rcpifpaf.cz\\\/#primaryimage\"},\"image\":{\"@id\":\"https:\\\/\\\/rcpifpaf.cz\\\/#primaryimage\"},\"thumbnailUrl\":\"https:\\\/\\\/rcpifpaf.cz\\\/wp-content\\\/uploads\\\/2023\\\/03\\\/rc-pifpaf-e1679440356696.jpg\",\"datePublished\":\"2020-12-18T10:15:30+00:00\",\"dateModified\":\"2023-04-18T06:00:59+00:00\",\"breadcrumb\":{\"@id\":\"https:\\\/\\\/rcpifpaf.cz\\\/#breadcrumb\"},\"inLanguage\":\"cs\",\"potentialAction\":[{\"@type\":\"ReadAction\",\"target\":[\"https:\\\/\\\/rcpifpaf.cz\\\/\"]}]},{\"@type\":\"ImageObject\",\"inLanguage\":\"cs\",\"@id\":\"https:\\\/\\\/rcpifpaf.cz\\\/#primaryimage\",\"url\":\"https:\\\/\\\/rcpifpaf.cz\\\/wp-content\\\/uploads\\\/2023\\\/03\\\/rc-pifpaf-e1679440356696.jpg\",\"contentUrl\":\"https:\\\/\\\/rcpifpaf.cz\\\/wp-content\\\/uploads\\\/2023\\\/03\\\/rc-pifpaf-e1679440356696.jpg\",\"width\":1500,\"height\":998,\"caption\":\"rc pifpaf\"},{\"@type\":\"BreadcrumbList\",\"@id\":\"https:\\\/\\\/rcpifpaf.cz\\\/#breadcrumb\",\"itemListElement\":[{\"@type\":\"ListItem\",\"position\":1,\"name\":\"Dom\u016f\",\"item\":\"https:\\\/\\\/rcpifpaf.cz\\\/\"},{\"@type\":\"ListItem\",\"position\":2,\"name\":\"O n\u00e1s\"}]},{\"@type\":\"WebSite\",\"@id\":\"https:\\\/\\\/rcpifpaf.cz\\\/#website\",\"url\":\"https:\\\/\\\/rcpifpaf.cz\\\/\",\"name\":\"RCPifPaf\",\"description\":\"Rodinn\u00e9 centrum PifPaf\",\"publisher\":{\"@id\":\"https:\\\/\\\/rcpifpaf.cz\\\/#organization\"},\"alternateName\":\"Rodinn\u00e9 centrum PifPaf\",\"potentialAction\":[{\"@type\":\"SearchAction\",\"target\":{\"@type\":\"EntryPoint\",\"urlTemplate\":\"https:\\\/\\\/rcpifpaf.cz\\\/?s={search_term_string}\"},\"query-input\":{\"@type\":\"PropertyValueSpecification\",\"valueRequired\":true,\"valueName\":\"search_term_string\"}}],\"inLanguage\":\"cs\"},{\"@type\":\"Organization\",\"@id\":\"https:\\\/\\\/rcpifpaf.cz\\\/#organization\",\"name\":\"RC PifPaf\",\"alternateName\":\"Rodinn\u00e9 centrum PifPaf\",\"url\":\"https:\\\/\\\/rcpifpaf.cz\\\/\",\"logo\":{\"@type\":\"ImageObject\",\"inLanguage\":\"cs\",\"@id\":\"https:\\\/\\\/rcpifpaf.cz\\\/#\\\/schema\\\/logo\\\/image\\\/\",\"url\":\"https:\\\/\\\/rcpifpaf.cz\\\/wp-content\\\/uploads\\\/2023\\\/03\\\/cropped-logo_barva_png_cmyk.png\",\"contentUrl\":\"https:\\\/\\\/rcpifpaf.cz\\\/wp-content\\\/uploads\\\/2023\\\/03\\\/cropped-logo_barva_png_cmyk.png\",\"width\":1324,\"height\":1301,\"caption\":\"RC PifPaf\"},\"image\":{\"@id\":\"https:\\\/\\\/rcpifpaf.cz\\\/#\\\/schema\\\/logo\\\/image\\\/\"},\"sameAs\":[\"https:\\\/\\\/www.facebook.com\\\/rcpifpaf\"]}]}<\/script>\n<!-- \/ Yoast SEO plugin. -->","yoast_head_json":{"title":"O n\u00e1s - RCPifPaf","robots":{"index":"index","follow":"follow","max-snippet":"max-snippet:-1","max-image-preview":"max-image-preview:large","max-video-preview":"max-video-preview:-1"},"canonical":"https:\/\/rcpifpaf.cz\/","og_locale":"cs_CZ","og_type":"article","og_title":"O n\u00e1s - RCPifPaf","og_description":"Rodinn\u00e9 centrum PifPaf, z.s. vzniklo ofici\u00e1ln\u011b v&nbsp;roce 2019 v&nbsp;obci St\u0159elice u Brna. Vzniku spolku v\u0161ak p\u0159edch\u00e1zelo n\u011bkolik let neform\u00e1ln\u00edho setk\u00e1v\u00e1n\u00ed rodi\u010d\u016f a d\u011bt\u00ed v m\u00edstn\u00ed knihovn\u011b. Na\u0161im c\u00edlem je poskytovat z\u00e1zem\u00ed rodin\u00e1m, posilovat hodnotu rodiny &hellip;","og_url":"https:\/\/rcpifpaf.cz\/","og_site_name":"RCPifPaf","article_publisher":"https:\/\/www.facebook.com\/rcpifpaf","article_modified_time":"2023-04-18T06:00:59+00:00","og_image":[{"width":1500,"height":998,"url":"https:\/\/rcpifpaf.cz\/wp-content\/uploads\/2023\/03\/rc-pifpaf-e1679440356696.jpg","type":"image\/jpeg"}],"twitter_card":"summary_large_image","twitter_misc":{"Odhadovan\u00e1 doba \u010dten\u00ed":"1 minuta"},"schema":{"@context":"https:\/\/schema.org","@graph":[{"@type":"WebPage","@id":"https:\/\/rcpifpaf.cz\/","url":"https:\/\/rcpifpaf.cz\/","name":"O n\u00e1s - RCPifPaf","isPartOf":{"@id":"https:\/\/rcpifpaf.cz\/#website"},"primaryImageOfPage":{"@id":"https:\/\/rcpifpaf.cz\/#primaryimage"},"image":{"@id":"https:\/\/rcpifpaf.cz\/#primaryimage"},"thumbnailUrl":"https:\/\/rcpifpaf.cz\/wp-content\/uploads\/2023\/03\/rc-pifpaf-e1679440356696.jpg","datePublished":"2020-12-18T10:15:30+00:00","dateModified":"2023-04-18T06:00:59+00:00","breadcrumb":{"@id":"https:\/\/rcpifpaf.cz\/#breadcrumb"},"inLanguage":"cs","potentialAction":[{"@type":"ReadAction","target":["https:\/\/rcpifpaf.cz\/"]}]},{"@type":"ImageObject","inLanguage":"cs","@id":"https:\/\/rcpifpaf.cz\/#primaryimage","url":"https:\/\/rcpifpaf.cz\/wp-content\/uploads\/2023\/03\/rc-pifpaf-e1679440356696.jpg","contentUrl":"https:\/\/rcpifpaf.cz\/wp-content\/uploads\/2023\/03\/rc-pifpaf-e1679440356696.jpg","width":1500,"height":998,"caption":"rc pifpaf"},{"@type":"BreadcrumbList","@id":"https:\/\/rcpifpaf.cz\/#breadcrumb","itemListElement":[{"@type":"ListItem","position":1,"name":"Dom\u016f","item":"https:\/\/rcpifpaf.cz\/"},{"@type":"ListItem","position":2,"name":"O n\u00e1s"}]},{"@type":"WebSite","@id":"https:\/\/rcpifpaf.cz\/#website","url":"https:\/\/rcpifpaf.cz\/","name":"RCPifPaf","description":"Rodinn\u00e9 centrum PifPaf","publisher":{"@id":"https:\/\/rcpifpaf.cz\/#organization"},"alternateName":"Rodinn\u00e9 centrum PifPaf","potentialAction":[{"@type":"SearchAction","target":{"@type":"EntryPoint","urlTemplate":"https:\/\/rcpifpaf.cz\/?s={search_term_string}"},"query-input":{"@type":"PropertyValueSpecification","valueRequired":true,"valueName":"search_term_string"}}],"inLanguage":"cs"},{"@type":"Organization","@id":"https:\/\/rcpifpaf.cz\/#organization","name":"RC PifPaf","alternateName":"Rodinn\u00e9 centrum PifPaf","url":"https:\/\/rcpifpaf.cz\/","logo":{"@type":"ImageObject","inLanguage":"cs","@id":"https:\/\/rcpifpaf.cz\/#\/schema\/logo\/image\/","url":"https:\/\/rcpifpaf.cz\/wp-content\/uploads\/2023\/03\/cropped-logo_barva_png_cmyk.png","contentUrl":"https:\/\/rcpifpaf.cz\/wp-content\/uploads\/2023\/03\/cropped-logo_barva_png_cmyk.png","width":1324,"height":1301,"caption":"RC PifPaf"},"image":{"@id":"https:\/\/rcpifpaf.cz\/#\/schema\/logo\/image\/"},"sameAs":["https:\/\/www.facebook.com\/rcpifpaf"]}]}},"_links":{"self":[{"href":"https:\/\/rcpifpaf.cz\/index.php\/wp-json\/wp\/v2\/pages\/111","targetHints":{"allow":["GET"]}}],"collection":[{"href":"https:\/\/rcpifpaf.cz\/index.php\/wp-json\/wp\/v2\/pages"}],"about":[{"href":"https:\/\/rcpifpaf.cz\/index.php\/wp-json\/wp\/v2\/types\/page"}],"author":[{"embeddable":true,"href":"https:\/\/rcpifpaf.cz\/index.php\/wp-json\/wp\/v2\/users\/1"}],"replies":[{"embeddable":true,"href":"https:\/\/rcpifpaf.cz\/index.php\/wp-json\/wp\/v2\/comments?post=111"}],"version-history":[{"count":5,"href":"https:\/\/rcpifpaf.cz\/index.php\/wp-json\/wp\/v2\/pages\/111\/revisions"}],"predecessor-version":[{"id":577,"href":"https:\/\/rcpifpaf.cz\/index.php\/wp-json\/wp\/v2\/pages\/111\/revisions\/577"}],"wp:featuredmedia":[{"embeddable":true,"href":"https:\/\/rcpifpaf.cz\/index.php\/wp-json\/wp\/v2\/media\/576"}],"wp:attachment":[{"href":"https:\/\/rcpifpaf.cz\/index.php\/wp-json\/wp\/v2\/media?parent=111"}],"curies":[{"name":"wp","href":"https:\/\/api.w.org\/{rel}","templated":true}]}}